{"id":3247,"date":"2024-07-27T10:45:58","date_gmt":"2024-07-27T16:45:58","guid":{"rendered":"https:\/\/aleabogados.com.mx\/?page_id=3247"},"modified":"2024-07-27T10:50:53","modified_gmt":"2024-07-27T16:50:53","slug":"elementor-3247","status":"publish","type":"page","link":"https:\/\/aleabogados.com.mx\/en\/elementor-3247\/","title":{"rendered":"&#8211;"},"content":{"rendered":"<div data-elementor-type=\"wp-page\" data-elementor-id=\"3247\" class=\"elementor elementor-3247\">\n\t\t\t\t<div class=\"elementor-element elementor-element-1e3933f e-flex e-con-boxed wpr-particle-no wpr-jarallax-no wpr-parallax-no wpr-sticky-section-no e-con e-parent\" data-id=\"1e3933f\" data-element_type=\"container\">\n\t\t\t\t\t<div class=\"e-con-inner\">\n\t\t\t\t<div class=\"elementor-element elementor-element-599427b elementor-widget elementor-widget-heading\" data-id=\"599427b\" data-element_type=\"widget\" data-widget_type=\"heading.default\">\n\t\t\t\t<div class=\"elementor-widget-container\">\n\t\t\t<style>\/*! elementor - v3.21.0 - 08-05-2024 *\/\n.elementor-heading-title{padding:0;margin:0;line-height:1}.elementor-widget-heading .elementor-heading-title[class*=elementor-size-]>a{color:inherit;font-size:inherit;line-height:inherit}.elementor-widget-heading .elementor-heading-title.elementor-size-small{font-size:15px}.elementor-widget-heading .elementor-heading-title.elementor-size-medium{font-size:19px}.elementor-widget-heading .elementor-heading-title.elementor-size-large{font-size:29px}.elementor-widget-heading .elementor-heading-title.elementor-size-xl{font-size:39px}.elementor-widget-heading .elementor-heading-title.elementor-size-xxl{font-size:59px}<\/style><h2 class=\"elementor-heading-title elementor-size-default\">Pol\u00edtica de Privacidad<\/h2>\t\t<\/div>\n\t\t\t\t<\/div>\n\t\t\t\t\t<\/div>\n\t\t\t\t<\/div>\n\t\t<div class=\"elementor-element elementor-element-fba1364 e-flex e-con-boxed wpr-particle-no wpr-jarallax-no wpr-parallax-no wpr-sticky-section-no e-con e-parent\" data-id=\"fba1364\" data-element_type=\"container\">\n\t\t\t\t\t<div class=\"e-con-inner\">\n\t\t\t\t<div class=\"elementor-element elementor-element-7adb79e elementor-widget elementor-widget-text-editor\" data-id=\"7adb79e\" data-element_type=\"widget\" data-widget_type=\"text-editor.default\">\n\t\t\t\t<div class=\"elementor-widget-container\">\n\t\t\t<style>\/*! elementor - v3.21.0 - 08-05-2024 *\/\n.elementor-widget-text-editor.elementor-drop-cap-view-stacked .elementor-drop-cap{background-color:#69727d;color:#fff}.elementor-widget-text-editor.elementor-drop-cap-view-framed .elementor-drop-cap{color:#69727d;border:3px solid;background-color:transparent}.elementor-widget-text-editor:not(.elementor-drop-cap-view-default) .elementor-drop-cap{margin-top:8px}.elementor-widget-text-editor:not(.elementor-drop-cap-view-default) .elementor-drop-cap-letter{width:1em;height:1em}.elementor-widget-text-editor .elementor-drop-cap{float:left;text-align:center;line-height:1;font-size:50px}.elementor-widget-text-editor .elementor-drop-cap-letter{display:inline-block}<\/style>\t\t\t\t<h3>1. Introducci\u00f3n<\/h3><p>Esta pol\u00edtica de privacidad se aplica al sitio web de ALE Abogados, con sede en Canc\u00fan, M\u00e9xico. Nos comprometemos a proteger su privacidad.<\/p><h3>2. Responsable<\/h3><p>El responsable del tratamiento de los datos en este sitio web es: ALE Abogados, Sagitario 277B, 77507 Canc\u00fan, Q.R.<\/p><h3>3. Datos Recopilados<\/h3><p>Recopilamos los siguientes datos:<\/p><ul><li>Datos de contacto (nombre, direcci\u00f3n de correo electr\u00f3nico, n\u00famero de tel\u00e9fono)<\/li><li>Direcci\u00f3n IP<\/li><li>Datos del navegador<\/li><\/ul><h3>4. Uso de los Datos<\/h3><p>Sus datos se utilizan para:<\/p><ul><li>Responder a consultas<\/li><\/ul><h3>5. Derechos de los Usuarios<\/h3><p>Usted tiene derecho a:<\/p><ul><li>Acceso<\/li><li>Rectificaci\u00f3n<\/li><li>Supresi\u00f3n<\/li><li>Oposici\u00f3n<\/li><\/ul><p>Cont\u00e1ctenos si tiene alguna pregunta sobre esta pol\u00edtica de privacidad.<\/p>\t\t\t\t\t\t<\/div>\n\t\t\t\t<\/div>\n\t\t\t\t\t<\/div>\n\t\t\t\t<\/div>\n\t\t\t\t<\/div>","protected":false},"excerpt":{"rendered":"<p>Pol\u00edtica de Privacidad 1. Introducci\u00f3n Esta pol\u00edtica de privacidad se aplica al sitio web de ALE Abogados, con sede en Canc\u00fan, M\u00e9xico. Nos comprometemos a proteger su privacidad. 2. Responsable El responsable del tratamiento de los datos en este sitio web es: ALE Abogados, Sagitario 277B, 77507 Canc\u00fan, Q.R. 3. Datos Recopilados Recopilamos los siguientes [&hellip;]<\/p>","protected":false},"author":1,"featured_media":0,"parent":0,"menu_order":0,"comment_status":"closed","ping_status":"closed","template":"","meta":{"footnotes":""},"yoast_head":"<!-- This site is optimized with the Yoast SEO plugin v22.9 - https:\/\/yoast.com\/wordpress\/plugins\/seo\/ -->\n<title>ALE Abogados - Sus Expertos en Canc\u00fan y todo Quintana Roo<\/title>\n<meta name=\"description\" content=\"ALE Abogados en Canc\u00fan y todo Quintana Roo: expertos en demandas y derecho con asesor\u00eda personalizada y representaci\u00f3n efectiva.\" \/>\n<meta name=\"robots\" content=\"index, follow, max-snippet:-1, max-image-preview:large, max-video-preview:-1\" \/>\n<link rel=\"canonical\" href=\"https:\/\/aleabogados.com.mx\/en\/elementor-3247\/\" \/>\n<meta property=\"og:locale\" content=\"en_US\" \/>\n<meta property=\"og:type\" content=\"article\" \/>\n<meta property=\"og:title\" content=\"ALE Abogados - Sus Expertos en Canc\u00fan y todo Quintana Roo\" \/>\n<meta property=\"og:description\" content=\"ALE Abogados en Canc\u00fan y todo Quintana Roo: expertos en demandas y derecho con asesor\u00eda personalizada y representaci\u00f3n efectiva.\" \/>\n<meta property=\"og:url\" content=\"https:\/\/aleabogados.com.mx\/en\/elementor-3247\/\" \/>\n<meta property=\"og:site_name\" content=\"aleabogados.com.mx\" \/>\n<meta property=\"article:publisher\" content=\"https:\/\/www.facebook.com\/Asesoria.Legal.Especializada\" \/>\n<meta property=\"article:modified_time\" content=\"2024-07-27T16:50:53+00:00\" \/>\n<meta property=\"og:image\" content=\"https:\/\/aleabogados.com.mx\/wp-content\/uploads\/2024\/06\/1-1.png\" \/>\n\t<meta property=\"og:image:width\" content=\"975\" \/>\n\t<meta property=\"og:image:height\" content=\"975\" \/>\n\t<meta property=\"og:image:type\" content=\"image\/png\" \/>\n<meta name=\"twitter:card\" content=\"summary_large_image\" \/>\n<meta name=\"twitter:label1\" content=\"Est. reading time\" \/>\n\t<meta name=\"twitter:data1\" content=\"1 minute\" \/>\n<script type=\"application\/ld+json\" class=\"yoast-schema-graph\">{\"@context\":\"https:\/\/schema.org\",\"@graph\":[{\"@type\":\"WebPage\",\"@id\":\"https:\/\/aleabogados.com.mx\/elementor-3247\/\",\"url\":\"https:\/\/aleabogados.com.mx\/elementor-3247\/\",\"name\":\"ALE Abogados - Sus Expertos en Canc\u00fan y todo Quintana Roo\",\"isPartOf\":{\"@id\":\"https:\/\/aleabogados.com.mx\/#website\"},\"datePublished\":\"2024-07-27T16:45:58+00:00\",\"dateModified\":\"2024-07-27T16:50:53+00:00\",\"description\":\"ALE Abogados en Canc\u00fan y todo Quintana Roo: expertos en demandas y derecho con asesor\u00eda personalizada y representaci\u00f3n efectiva.\",\"breadcrumb\":{\"@id\":\"https:\/\/aleabogados.com.mx\/elementor-3247\/#breadcrumb\"},\"inLanguage\":\"en-US\",\"potentialAction\":[{\"@type\":\"ReadAction\",\"target\":[\"https:\/\/aleabogados.com.mx\/elementor-3247\/\"]}]},{\"@type\":\"BreadcrumbList\",\"@id\":\"https:\/\/aleabogados.com.mx\/elementor-3247\/#breadcrumb\",\"itemListElement\":[{\"@type\":\"ListItem\",\"position\":1,\"name\":\"Inicio\",\"item\":\"https:\/\/aleabogados.com.mx\/\"},{\"@type\":\"ListItem\",\"position\":2,\"name\":\"&#8211;\"}]},{\"@type\":\"WebSite\",\"@id\":\"https:\/\/aleabogados.com.mx\/#website\",\"url\":\"https:\/\/aleabogados.com.mx\/\",\"name\":\"aleabogados.com.mx\",\"description\":\"ASESOR\u00cdA LEGAL ESPECIALIZADA\",\"publisher\":{\"@id\":\"https:\/\/aleabogados.com.mx\/#organization\"},\"potentialAction\":[{\"@type\":\"SearchAction\",\"target\":{\"@type\":\"EntryPoint\",\"urlTemplate\":\"https:\/\/aleabogados.com.mx\/?s={search_term_string}\"},\"query-input\":\"required name=search_term_string\"}],\"inLanguage\":\"en-US\"},{\"@type\":\"Organization\",\"@id\":\"https:\/\/aleabogados.com.mx\/#organization\",\"name\":\"ALE Abogados Canc\u00fan\",\"alternateName\":\"ASESOR\u00cdA LEGAL ESPECIALIZADA\",\"url\":\"https:\/\/aleabogados.com.mx\/\",\"logo\":{\"@type\":\"ImageObject\",\"inLanguage\":\"en-US\",\"@id\":\"https:\/\/aleabogados.com.mx\/#\/schema\/logo\/image\/\",\"url\":\"https:\/\/aleabogados.com.mx\/wp-content\/uploads\/2024\/06\/cropped-2.png\",\"contentUrl\":\"https:\/\/aleabogados.com.mx\/wp-content\/uploads\/2024\/06\/cropped-2.png\",\"width\":512,\"height\":512,\"caption\":\"ALE Abogados Canc\u00fan\"},\"image\":{\"@id\":\"https:\/\/aleabogados.com.mx\/#\/schema\/logo\/image\/\"},\"sameAs\":[\"https:\/\/www.facebook.com\/Asesoria.Legal.Especializada\",\"https:\/\/www.instagram.com\/ale.abogados\/\"]}]}<\/script>\n<!-- \/ Yoast SEO plugin. -->","yoast_head_json":{"title":"ALE Abogados - Sus Expertos en Canc\u00fan y todo Quintana Roo","description":"ALE Abogados en Canc\u00fan y todo Quintana Roo: expertos en demandas y derecho con asesor\u00eda personalizada y representaci\u00f3n efectiva.","robots":{"index":"index","follow":"follow","max-snippet":"max-snippet:-1","max-image-preview":"max-image-preview:large","max-video-preview":"max-video-preview:-1"},"canonical":"https:\/\/aleabogados.com.mx\/en\/elementor-3247\/","og_locale":"en_US","og_type":"article","og_title":"ALE Abogados - Sus Expertos en Canc\u00fan y todo Quintana Roo","og_description":"ALE Abogados en Canc\u00fan y todo Quintana Roo: expertos en demandas y derecho con asesor\u00eda personalizada y representaci\u00f3n efectiva.","og_url":"https:\/\/aleabogados.com.mx\/en\/elementor-3247\/","og_site_name":"aleabogados.com.mx","article_publisher":"https:\/\/www.facebook.com\/Asesoria.Legal.Especializada","article_modified_time":"2024-07-27T16:50:53+00:00","og_image":[{"width":975,"height":975,"url":"https:\/\/aleabogados.com.mx\/wp-content\/uploads\/2024\/06\/1-1.png","type":"image\/png"}],"twitter_card":"summary_large_image","twitter_misc":{"Est. reading time":"1 minute"},"schema":{"@context":"https:\/\/schema.org","@graph":[{"@type":"WebPage","@id":"https:\/\/aleabogados.com.mx\/elementor-3247\/","url":"https:\/\/aleabogados.com.mx\/elementor-3247\/","name":"ALE Abogados - Sus Expertos en Canc\u00fan y todo Quintana Roo","isPartOf":{"@id":"https:\/\/aleabogados.com.mx\/#website"},"datePublished":"2024-07-27T16:45:58+00:00","dateModified":"2024-07-27T16:50:53+00:00","description":"ALE Abogados en Canc\u00fan y todo Quintana Roo: expertos en demandas y derecho con asesor\u00eda personalizada y representaci\u00f3n efectiva.","breadcrumb":{"@id":"https:\/\/aleabogados.com.mx\/elementor-3247\/#breadcrumb"},"inLanguage":"en-US","potentialAction":[{"@type":"ReadAction","target":["https:\/\/aleabogados.com.mx\/elementor-3247\/"]}]},{"@type":"BreadcrumbList","@id":"https:\/\/aleabogados.com.mx\/elementor-3247\/#breadcrumb","itemListElement":[{"@type":"ListItem","position":1,"name":"Inicio","item":"https:\/\/aleabogados.com.mx\/"},{"@type":"ListItem","position":2,"name":"&#8211;"}]},{"@type":"WebSite","@id":"https:\/\/aleabogados.com.mx\/#website","url":"https:\/\/aleabogados.com.mx\/","name":"aleabogados.com.mx","description":"ASESOR\u00cdA LEGAL ESPECIALIZADA","publisher":{"@id":"https:\/\/aleabogados.com.mx\/#organization"},"potentialAction":[{"@type":"SearchAction","target":{"@type":"EntryPoint","urlTemplate":"https:\/\/aleabogados.com.mx\/?s={search_term_string}"},"query-input":"required name=search_term_string"}],"inLanguage":"en-US"},{"@type":"Organization","@id":"https:\/\/aleabogados.com.mx\/#organization","name":"ALE Abogados Canc\u00fan","alternateName":"ASESOR\u00cdA LEGAL ESPECIALIZADA","url":"https:\/\/aleabogados.com.mx\/","logo":{"@type":"ImageObject","inLanguage":"en-US","@id":"https:\/\/aleabogados.com.mx\/#\/schema\/logo\/image\/","url":"https:\/\/aleabogados.com.mx\/wp-content\/uploads\/2024\/06\/cropped-2.png","contentUrl":"https:\/\/aleabogados.com.mx\/wp-content\/uploads\/2024\/06\/cropped-2.png","width":512,"height":512,"caption":"ALE Abogados Canc\u00fan"},"image":{"@id":"https:\/\/aleabogados.com.mx\/#\/schema\/logo\/image\/"},"sameAs":["https:\/\/www.facebook.com\/Asesoria.Legal.Especializada","https:\/\/www.instagram.com\/ale.abogados\/"]}]}},"_links":{"self":[{"href":"https:\/\/aleabogados.com.mx\/en\/wp-json\/wp\/v2\/pages\/3247"}],"collection":[{"href":"https:\/\/aleabogados.com.mx\/en\/wp-json\/wp\/v2\/pages"}],"about":[{"href":"https:\/\/aleabogados.com.mx\/en\/wp-json\/wp\/v2\/types\/page"}],"author":[{"embeddable":true,"href":"https:\/\/aleabogados.com.mx\/en\/wp-json\/wp\/v2\/users\/1"}],"replies":[{"embeddable":true,"href":"https:\/\/aleabogados.com.mx\/en\/wp-json\/wp\/v2\/comments?post=3247"}],"version-history":[{"count":13,"href":"https:\/\/aleabogados.com.mx\/en\/wp-json\/wp\/v2\/pages\/3247\/revisions"}],"predecessor-version":[{"id":3261,"href":"https:\/\/aleabogados.com.mx\/en\/wp-json\/wp\/v2\/pages\/3247\/revisions\/3261"}],"wp:attachment":[{"href":"https:\/\/aleabogados.com.mx\/en\/wp-json\/wp\/v2\/media?parent=3247"}],"curies":[{"name":"wp","href":"https:\/\/api.w.org\/{rel}","templated":true}]}}