{"id":1780,"date":"2024-05-18T07:41:00","date_gmt":"2024-05-18T13:41:00","guid":{"rendered":"https:\/\/aleabogados.com.mx\/?page_id=1780"},"modified":"2024-07-07T18:29:03","modified_gmt":"2024-07-08T00:29:03","slug":"blog","status":"publish","type":"page","link":"https:\/\/aleabogados.com.mx\/en\/blog\/","title":{"rendered":"Blog"},"content":{"rendered":"<div data-elementor-type=\"wp-page\" data-elementor-id=\"1780\" class=\"elementor elementor-1780\">\n\t\t\t\t\t\t<section class=\"elementor-section elementor-top-section elementor-element elementor-element-6f65562 elementor-section-height-min-height elementor-section-boxed elementor-section-height-default elementor-section-items-middle wpr-particle-no wpr-jarallax-no wpr-parallax-no wpr-sticky-section-no\" data-id=\"6f65562\" data-element_type=\"section\" data-settings=\"{&quot;background_background&quot;:&quot;classic&quot;,&quot;shape_divider_bottom&quot;:&quot;opacity-tilt&quot;}\">\n\t\t\t\t\t\t\t<div class=\"elementor-background-overlay\"><\/div>\n\t\t\t\t\t\t<div class=\"elementor-shape elementor-shape-bottom\" data-negative=\"false\">\n\t\t\t<svg xmlns=\"http:\/\/www.w3.org\/2000\/svg\" viewbox=\"0 0 2600 131.1\" preserveaspectratio=\"none\">\n\t<path class=\"elementor-shape-fill\" d=\"M0 0L2600 0 2600 69.1 0 0z\"\/>\n\t<path class=\"elementor-shape-fill\" style=\"opacity:0.5\" d=\"M0 0L2600 0 2600 69.1 0 69.1z\"\/>\n\t<path class=\"elementor-shape-fill\" style=\"opacity:0.25\" d=\"M2600 0L0 0 0 130.1 2600 69.1z\"\/>\n<\/svg>\t\t<\/div>\n\t\t\t\t\t<div class=\"elementor-container elementor-column-gap-default\">\n\t\t\t\t\t<div class=\"elementor-column elementor-col-100 elementor-top-column elementor-element elementor-element-043b924\" data-id=\"043b924\" data-element_type=\"column\">\n\t\t\t<div class=\"elementor-widget-wrap elementor-element-populated\">\n\t\t\t\t\t\t<div class=\"elementor-element elementor-element-a78defa elementor-widget elementor-widget-heading\" data-id=\"a78defa\" data-element_type=\"widget\" data-widget_type=\"heading.default\">\n\t\t\t\t<div class=\"elementor-widget-container\">\n\t\t\t<style>\/*! elementor - v3.21.0 - 08-05-2024 *\/\n.elementor-heading-title{padding:0;margin:0;line-height:1}.elementor-widget-heading .elementor-heading-title[class*=elementor-size-]>a{color:inherit;font-size:inherit;line-height:inherit}.elementor-widget-heading .elementor-heading-title.elementor-size-small{font-size:15px}.elementor-widget-heading .elementor-heading-title.elementor-size-medium{font-size:19px}.elementor-widget-heading .elementor-heading-title.elementor-size-large{font-size:29px}.elementor-widget-heading .elementor-heading-title.elementor-size-xl{font-size:39px}.elementor-widget-heading .elementor-heading-title.elementor-size-xxl{font-size:59px}<\/style><h2 class=\"elementor-heading-title elementor-size-default\">Blog<\/h2>\t\t<\/div>\n\t\t\t\t<\/div>\n\t\t\t\t<div class=\"elementor-element elementor-element-d72820d elementor-widget-divider--view-line elementor-widget elementor-widget-divider\" data-id=\"d72820d\" data-element_type=\"widget\" data-widget_type=\"divider.default\">\n\t\t\t\t<div class=\"elementor-widget-container\">\n\t\t\t<style>\/*! elementor - v3.21.0 - 08-05-2024 *\/\n.elementor-widget-divider{--divider-border-style:none;--divider-border-width:1px;--divider-color:#0c0d0e;--divider-icon-size:20px;--divider-element-spacing:10px;--divider-pattern-height:24px;--divider-pattern-size:20px;--divider-pattern-url:none;--divider-pattern-repeat:repeat-x}.elementor-widget-divider .elementor-divider{display:flex}.elementor-widget-divider .elementor-divider__text{font-size:15px;line-height:1;max-width:95%}.elementor-widget-divider .elementor-divider__element{margin:0 var(--divider-element-spacing);flex-shrink:0}.elementor-widget-divider .elementor-icon{font-size:var(--divider-icon-size)}.elementor-widget-divider .elementor-divider-separator{display:flex;margin:0;direction:ltr}.elementor-widget-divider--view-line_icon .elementor-divider-separator,.elementor-widget-divider--view-line_text .elementor-divider-separator{align-items:center}.elementor-widget-divider--view-line_icon .elementor-divider-separator:after,.elementor-widget-divider--view-line_icon .elementor-divider-separator:before,.elementor-widget-divider--view-line_text .elementor-divider-separator:after,.elementor-widget-divider--view-line_text .elementor-divider-separator:before{display:block;content:\"\";border-block-end:0;flex-grow:1;border-block-start:var(--divider-border-width) var(--divider-border-style) var(--divider-color)}.elementor-widget-divider--element-align-left .elementor-divider .elementor-divider-separator>.elementor-divider__svg:first-of-type{flex-grow:0;flex-shrink:100}.elementor-widget-divider--element-align-left .elementor-divider-separator:before{content:none}.elementor-widget-divider--element-align-left .elementor-divider__element{margin-left:0}.elementor-widget-divider--element-align-right .elementor-divider .elementor-divider-separator>.elementor-divider__svg:last-of-type{flex-grow:0;flex-shrink:100}.elementor-widget-divider--element-align-right .elementor-divider-separator:after{content:none}.elementor-widget-divider--element-align-right .elementor-divider__element{margin-right:0}.elementor-widget-divider--element-align-start .elementor-divider .elementor-divider-separator>.elementor-divider__svg:first-of-type{flex-grow:0;flex-shrink:100}.elementor-widget-divider--element-align-start .elementor-divider-separator:before{content:none}.elementor-widget-divider--element-align-start .elementor-divider__element{margin-inline-start:0}.elementor-widget-divider--element-align-end .elementor-divider .elementor-divider-separator>.elementor-divider__svg:last-of-type{flex-grow:0;flex-shrink:100}.elementor-widget-divider--element-align-end .elementor-divider-separator:after{content:none}.elementor-widget-divider--element-align-end .elementor-divider__element{margin-inline-end:0}.elementor-widget-divider:not(.elementor-widget-divider--view-line_text):not(.elementor-widget-divider--view-line_icon) .elementor-divider-separator{border-block-start:var(--divider-border-width) var(--divider-border-style) var(--divider-color)}.elementor-widget-divider--separator-type-pattern{--divider-border-style:none}.elementor-widget-divider--separator-type-pattern.elementor-widget-divider--view-line .elementor-divider-separator,.elementor-widget-divider--separator-type-pattern:not(.elementor-widget-divider--view-line) .elementor-divider-separator:after,.elementor-widget-divider--separator-type-pattern:not(.elementor-widget-divider--view-line) .elementor-divider-separator:before,.elementor-widget-divider--separator-type-pattern:not([class*=elementor-widget-divider--view]) .elementor-divider-separator{width:100%;min-height:var(--divider-pattern-height);-webkit-mask-size:var(--divider-pattern-size) 100%;mask-size:var(--divider-pattern-size) 100%;-webkit-mask-repeat:var(--divider-pattern-repeat);mask-repeat:var(--divider-pattern-repeat);background-color:var(--divider-color);-webkit-mask-image:var(--divider-pattern-url);mask-image:var(--divider-pattern-url)}.elementor-widget-divider--no-spacing{--divider-pattern-size:auto}.elementor-widget-divider--bg-round{--divider-pattern-repeat:round}.rtl .elementor-widget-divider .elementor-divider__text{direction:rtl}.e-con-inner>.elementor-widget-divider,.e-con>.elementor-widget-divider{width:var(--container-widget-width,100%);--flex-grow:var(--container-widget-flex-grow)}<\/style>\t\t<div class=\"elementor-divider\">\n\t\t\t<span class=\"elementor-divider-separator\">\n\t\t\t\t\t\t<\/span>\n\t\t<\/div>\n\t\t\t\t<\/div>\n\t\t\t\t<\/div>\n\t\t\t\t\t<\/div>\n\t\t<\/div>\n\t\t\t\t\t<\/div>\n\t\t<\/section>\n\t\t\t\t<section class=\"elementor-section elementor-top-section elementor-element elementor-element-2abc331 elementor-section-boxed elementor-section-height-default elementor-section-height-default wpr-particle-no wpr-jarallax-no wpr-parallax-no wpr-sticky-section-no\" data-id=\"2abc331\" data-element_type=\"section\" data-settings=\"{&quot;background_background&quot;:&quot;classic&quot;}\">\n\t\t\t\t\t\t<div class=\"elementor-container elementor-column-gap-default\">\n\t\t\t\t\t<div class=\"elementor-column elementor-col-100 elementor-top-column elementor-element elementor-element-97a03e6\" data-id=\"97a03e6\" data-element_type=\"column\">\n\t\t\t<div class=\"elementor-widget-wrap elementor-element-populated\">\n\t\t\t\t\t\t<div class=\"elementor-element elementor-element-e8b1cd4 elementor-widget elementor-widget-heading\" data-id=\"e8b1cd4\" data-element_type=\"widget\" data-widget_type=\"heading.default\">\n\t\t\t\t<div class=\"elementor-widget-container\">\n\t\t\t<h2 class=\"elementor-heading-title elementor-size-default\">Need Legal Advice? Our blog offers all the information you need from expert lawyers in Cancun and the Riviera Maya.<\/h2>\t\t<\/div>\n\t\t\t\t<\/div>\n\t\t\t\t\t<\/div>\n\t\t<\/div>\n\t\t\t\t\t<\/div>\n\t\t<\/section>\n\t\t<div class=\"elementor-element elementor-element-89d2df4 e-flex e-con-boxed wpr-particle-no wpr-jarallax-no wpr-parallax-no wpr-sticky-section-no e-con e-parent\" data-id=\"89d2df4\" data-element_type=\"container\">\n\t\t\t\t\t<div class=\"e-con-inner\">\n\t\t\t\t<div class=\"elementor-element elementor-element-d807f33 elementor-widget elementor-widget-elementskit-blog-posts\" data-id=\"d807f33\" data-element_type=\"widget\" data-widget_type=\"elementskit-blog-posts.default\">\n\t\t\t\t<div class=\"elementor-widget-container\">\n\t\t\t<div class=\"ekit-wid-con\" >        <div id=\"post-items--d807f33\" class=\"row post-items\">\n                    <div class=\"col-md-12\">\n\n                                    <div class=\"elementskit-blog-block-post\">\n                        <div class=\"row no-gutters\">\n                                                            <div class=\"col-md-6 order-1\">\n                                    <a href=\"https:\/\/aleabogados.com.mx\/en\/la-reforma-al-sistema-de-justicia-penal-en-mexico\/\" class=\"elementskit-entry-thumb\">\n                                        <img decoding=\"async\" src=\"https:\/\/aleabogados.com.mx\/wp-content\/uploads\/2024\/05\/noticia1-1024x576.png\" alt=\"La Reforma al Sistema de Justicia Penal en M\u00e9xico\">\n                                    <\/a><!-- .elementskit-entry-thumb END -->\n                                <\/div>\n                            \n                            <div class=\"col-md-6 order-2\">\n                                <div class=\"elementskit-post-body\">\n                                    <div class=\"elementskit-entry-header\">\n                                        \n                                                                                            \t\t\t\t\t                                            \n                                            \n                                                                                            \t\t\t\t<h2 class=\"entry-title\">\n\t\t\t\t\t<a href=\"https:\/\/aleabogados.com.mx\/en\/la-reforma-al-sistema-de-justicia-penal-en-mexico\/\">\n\t\t\t\t\t\tThe Reform of the Criminal Justice System in Mexico\t\t\t\t\t<\/a>\n\t\t\t\t<\/h2>\n\t\t\t                                                                                <\/div><!-- .elementskit-entry-header END -->\n\n                                                                            <div class=\"elementskit-post-footer\">\n                                                                                            <p>The Reform of the Criminal Justice System in Mexico.<\/p>\n                                                                                                                                <\/div><!-- .elementskit-post-footer END -->\n                                                                    <\/div><!-- .elementskit-post-body END -->\n                            <\/div>\n                        <\/div>\n                    <\/div><!-- .elementskit-blog-block-post .radius .gradient-bg END -->\n                \n            <\/div>\n                    <div class=\"col-md-12\">\n\n                                    <div class=\"elementskit-blog-block-post\">\n                        <div class=\"row no-gutters\">\n                                                            <div class=\"col-md-6 order-1\">\n                                    <a href=\"https:\/\/aleabogados.com.mx\/en\/derechos-de-las-mujeres-y-violencia-de-genero-en-mexico\/\" class=\"elementskit-entry-thumb\">\n                                        <img decoding=\"async\" src=\"https:\/\/aleabogados.com.mx\/wp-content\/uploads\/2024\/05\/noticia2-1024x576.png\" alt=\"Derechos de las Mujeres y Violencia de G\u00e9nero en M\u00e9xico\">\n                                    <\/a><!-- .elementskit-entry-thumb END -->\n                                <\/div>\n                            \n                            <div class=\"col-md-6 order-2\">\n                                <div class=\"elementskit-post-body\">\n                                    <div class=\"elementskit-entry-header\">\n                                        \n                                                                                            \t\t\t\t\t                                            \n                                            \n                                                                                            \t\t\t\t<h2 class=\"entry-title\">\n\t\t\t\t\t<a href=\"https:\/\/aleabogados.com.mx\/en\/derechos-de-las-mujeres-y-violencia-de-genero-en-mexico\/\">\n\t\t\t\t\t\tWomen's Rights and Gender Violence in Mexico\t\t\t\t\t<\/a>\n\t\t\t\t<\/h2>\n\t\t\t                                                                                <\/div><!-- .elementskit-entry-header END -->\n\n                                                                            <div class=\"elementskit-post-footer\">\n                                                                                            <p>Women's Rights and Gender Violence in Mexico.<\/p>\n                                                                                                                                <\/div><!-- .elementskit-post-footer END -->\n                                                                    <\/div><!-- .elementskit-post-body END -->\n                            <\/div>\n                        <\/div>\n                    <\/div><!-- .elementskit-blog-block-post .radius .gradient-bg END -->\n                \n            <\/div>\n                <\/div>\n       <\/div>\t\t<\/div>\n\t\t\t\t<\/div>\n\t\t\t\t\t<\/div>\n\t\t\t\t<\/div>\n\t\t\t\t<\/div>","protected":false},"excerpt":{"rendered":"<p>Blog \u00bfNecesitas un consejo legal? En nuestro blog tendr\u00e1s toda la informaci\u00f3n que necesitas de la mano de los abogados expertos en derecho de Canc\u00fan y la Riviera Maya. La Reforma al Sistema de Justicia Penal en M\u00e9xico La Reforma al Sistema de Justicia Penal en M\u00e9xico Lorem Ipsum\u00a0is simply dummy text of the printing [&hellip;]<\/p>","protected":false},"author":1,"featured_media":0,"parent":0,"menu_order":0,"comment_status":"closed","ping_status":"closed","template":"elementor_canvas","meta":{"footnotes":""},"yoast_head":"<!-- This site is optimized with the Yoast SEO plugin v22.9 - https:\/\/yoast.com\/wordpress\/plugins\/seo\/ -->\n<title>ALE Abogados - Sus Expertos en Canc\u00fan y todo Quintana Roo<\/title>\n<meta name=\"description\" content=\"ALE Abogados en Canc\u00fan y todo Quintana Roo: expertos en demandas y derecho con asesor\u00eda personalizada y representaci\u00f3n efectiva.\" \/>\n<meta name=\"robots\" content=\"index, follow, max-snippet:-1, max-image-preview:large, max-video-preview:-1\" \/>\n<link rel=\"canonical\" href=\"https:\/\/aleabogados.com.mx\/en\/blog\/\" \/>\n<meta property=\"og:locale\" content=\"en_US\" \/>\n<meta property=\"og:type\" content=\"article\" \/>\n<meta property=\"og:title\" content=\"ALE Abogados - Sus Expertos en Canc\u00fan y todo Quintana Roo\" \/>\n<meta property=\"og:description\" content=\"ALE Abogados en Canc\u00fan y todo Quintana Roo: expertos en demandas y derecho con asesor\u00eda personalizada y representaci\u00f3n efectiva.\" \/>\n<meta property=\"og:url\" content=\"https:\/\/aleabogados.com.mx\/en\/blog\/\" \/>\n<meta property=\"og:site_name\" content=\"aleabogados.com.mx\" \/>\n<meta property=\"article:publisher\" content=\"https:\/\/www.facebook.com\/Asesoria.Legal.Especializada\" \/>\n<meta property=\"article:modified_time\" content=\"2024-07-08T00:29:03+00:00\" \/>\n<meta property=\"og:image\" content=\"https:\/\/aleabogados.com.mx\/wp-content\/uploads\/2024\/05\/noticia1-1024x576.png\" \/>\n<meta name=\"twitter:card\" content=\"summary_large_image\" \/>\n<meta name=\"twitter:label1\" content=\"Est. reading time\" \/>\n\t<meta name=\"twitter:data1\" content=\"2 minutes\" \/>\n<script type=\"application\/ld+json\" class=\"yoast-schema-graph\">{\"@context\":\"https:\/\/schema.org\",\"@graph\":[{\"@type\":\"WebPage\",\"@id\":\"https:\/\/aleabogados.com.mx\/blog\/\",\"url\":\"https:\/\/aleabogados.com.mx\/blog\/\",\"name\":\"ALE Abogados - Sus Expertos en Canc\u00fan y todo Quintana Roo\",\"isPartOf\":{\"@id\":\"https:\/\/aleabogados.com.mx\/#website\"},\"primaryImageOfPage\":{\"@id\":\"https:\/\/aleabogados.com.mx\/blog\/#primaryimage\"},\"image\":{\"@id\":\"https:\/\/aleabogados.com.mx\/blog\/#primaryimage\"},\"thumbnailUrl\":\"https:\/\/aleabogados.com.mx\/wp-content\/uploads\/2024\/05\/noticia1-1024x576.png\",\"datePublished\":\"2024-05-18T13:41:00+00:00\",\"dateModified\":\"2024-07-08T00:29:03+00:00\",\"description\":\"ALE Abogados en Canc\u00fan y todo Quintana Roo: expertos en demandas y derecho con asesor\u00eda personalizada y representaci\u00f3n efectiva.\",\"breadcrumb\":{\"@id\":\"https:\/\/aleabogados.com.mx\/blog\/#breadcrumb\"},\"inLanguage\":\"en-US\",\"potentialAction\":[{\"@type\":\"ReadAction\",\"target\":[\"https:\/\/aleabogados.com.mx\/blog\/\"]}]},{\"@type\":\"ImageObject\",\"inLanguage\":\"en-US\",\"@id\":\"https:\/\/aleabogados.com.mx\/blog\/#primaryimage\",\"url\":\"https:\/\/aleabogados.com.mx\/wp-content\/uploads\/2024\/05\/noticia1-1024x576.png\",\"contentUrl\":\"https:\/\/aleabogados.com.mx\/wp-content\/uploads\/2024\/05\/noticia1-1024x576.png\"},{\"@type\":\"BreadcrumbList\",\"@id\":\"https:\/\/aleabogados.com.mx\/blog\/#breadcrumb\",\"itemListElement\":[{\"@type\":\"ListItem\",\"position\":1,\"name\":\"Inicio\",\"item\":\"https:\/\/aleabogados.com.mx\/\"},{\"@type\":\"ListItem\",\"position\":2,\"name\":\"Blog\"}]},{\"@type\":\"WebSite\",\"@id\":\"https:\/\/aleabogados.com.mx\/#website\",\"url\":\"https:\/\/aleabogados.com.mx\/\",\"name\":\"aleabogados.com.mx\",\"description\":\"ASESOR\u00cdA LEGAL ESPECIALIZADA\",\"publisher\":{\"@id\":\"https:\/\/aleabogados.com.mx\/#organization\"},\"potentialAction\":[{\"@type\":\"SearchAction\",\"target\":{\"@type\":\"EntryPoint\",\"urlTemplate\":\"https:\/\/aleabogados.com.mx\/?s={search_term_string}\"},\"query-input\":\"required name=search_term_string\"}],\"inLanguage\":\"en-US\"},{\"@type\":\"Organization\",\"@id\":\"https:\/\/aleabogados.com.mx\/#organization\",\"name\":\"ALE Abogados Canc\u00fan\",\"alternateName\":\"ASESOR\u00cdA LEGAL ESPECIALIZADA\",\"url\":\"https:\/\/aleabogados.com.mx\/\",\"logo\":{\"@type\":\"ImageObject\",\"inLanguage\":\"en-US\",\"@id\":\"https:\/\/aleabogados.com.mx\/#\/schema\/logo\/image\/\",\"url\":\"https:\/\/aleabogados.com.mx\/wp-content\/uploads\/2024\/06\/cropped-2.png\",\"contentUrl\":\"https:\/\/aleabogados.com.mx\/wp-content\/uploads\/2024\/06\/cropped-2.png\",\"width\":512,\"height\":512,\"caption\":\"ALE Abogados Canc\u00fan\"},\"image\":{\"@id\":\"https:\/\/aleabogados.com.mx\/#\/schema\/logo\/image\/\"},\"sameAs\":[\"https:\/\/www.facebook.com\/Asesoria.Legal.Especializada\",\"https:\/\/www.instagram.com\/ale.abogados\/\"]}]}<\/script>\n<!-- \/ Yoast SEO plugin. -->","yoast_head_json":{"title":"ALE Abogados - Sus Expertos en Canc\u00fan y todo Quintana Roo","description":"ALE Abogados en Canc\u00fan y todo Quintana Roo: expertos en demandas y derecho con asesor\u00eda personalizada y representaci\u00f3n efectiva.","robots":{"index":"index","follow":"follow","max-snippet":"max-snippet:-1","max-image-preview":"max-image-preview:large","max-video-preview":"max-video-preview:-1"},"canonical":"https:\/\/aleabogados.com.mx\/en\/blog\/","og_locale":"en_US","og_type":"article","og_title":"ALE Abogados - Sus Expertos en Canc\u00fan y todo Quintana Roo","og_description":"ALE Abogados en Canc\u00fan y todo Quintana Roo: expertos en demandas y derecho con asesor\u00eda personalizada y representaci\u00f3n efectiva.","og_url":"https:\/\/aleabogados.com.mx\/en\/blog\/","og_site_name":"aleabogados.com.mx","article_publisher":"https:\/\/www.facebook.com\/Asesoria.Legal.Especializada","article_modified_time":"2024-07-08T00:29:03+00:00","og_image":[{"url":"https:\/\/aleabogados.com.mx\/wp-content\/uploads\/2024\/05\/noticia1-1024x576.png"}],"twitter_card":"summary_large_image","twitter_misc":{"Est. reading time":"2 minutes"},"schema":{"@context":"https:\/\/schema.org","@graph":[{"@type":"WebPage","@id":"https:\/\/aleabogados.com.mx\/blog\/","url":"https:\/\/aleabogados.com.mx\/blog\/","name":"ALE Abogados - Sus Expertos en Canc\u00fan y todo Quintana Roo","isPartOf":{"@id":"https:\/\/aleabogados.com.mx\/#website"},"primaryImageOfPage":{"@id":"https:\/\/aleabogados.com.mx\/blog\/#primaryimage"},"image":{"@id":"https:\/\/aleabogados.com.mx\/blog\/#primaryimage"},"thumbnailUrl":"https:\/\/aleabogados.com.mx\/wp-content\/uploads\/2024\/05\/noticia1-1024x576.png","datePublished":"2024-05-18T13:41:00+00:00","dateModified":"2024-07-08T00:29:03+00:00","description":"ALE Abogados en Canc\u00fan y todo Quintana Roo: expertos en demandas y derecho con asesor\u00eda personalizada y representaci\u00f3n efectiva.","breadcrumb":{"@id":"https:\/\/aleabogados.com.mx\/blog\/#breadcrumb"},"inLanguage":"en-US","potentialAction":[{"@type":"ReadAction","target":["https:\/\/aleabogados.com.mx\/blog\/"]}]},{"@type":"ImageObject","inLanguage":"en-US","@id":"https:\/\/aleabogados.com.mx\/blog\/#primaryimage","url":"https:\/\/aleabogados.com.mx\/wp-content\/uploads\/2024\/05\/noticia1-1024x576.png","contentUrl":"https:\/\/aleabogados.com.mx\/wp-content\/uploads\/2024\/05\/noticia1-1024x576.png"},{"@type":"BreadcrumbList","@id":"https:\/\/aleabogados.com.mx\/blog\/#breadcrumb","itemListElement":[{"@type":"ListItem","position":1,"name":"Inicio","item":"https:\/\/aleabogados.com.mx\/"},{"@type":"ListItem","position":2,"name":"Blog"}]},{"@type":"WebSite","@id":"https:\/\/aleabogados.com.mx\/#website","url":"https:\/\/aleabogados.com.mx\/","name":"aleabogados.com.mx","description":"ASESOR\u00cdA LEGAL ESPECIALIZADA","publisher":{"@id":"https:\/\/aleabogados.com.mx\/#organization"},"potentialAction":[{"@type":"SearchAction","target":{"@type":"EntryPoint","urlTemplate":"https:\/\/aleabogados.com.mx\/?s={search_term_string}"},"query-input":"required name=search_term_string"}],"inLanguage":"en-US"},{"@type":"Organization","@id":"https:\/\/aleabogados.com.mx\/#organization","name":"ALE Abogados Canc\u00fan","alternateName":"ASESOR\u00cdA LEGAL ESPECIALIZADA","url":"https:\/\/aleabogados.com.mx\/","logo":{"@type":"ImageObject","inLanguage":"en-US","@id":"https:\/\/aleabogados.com.mx\/#\/schema\/logo\/image\/","url":"https:\/\/aleabogados.com.mx\/wp-content\/uploads\/2024\/06\/cropped-2.png","contentUrl":"https:\/\/aleabogados.com.mx\/wp-content\/uploads\/2024\/06\/cropped-2.png","width":512,"height":512,"caption":"ALE Abogados Canc\u00fan"},"image":{"@id":"https:\/\/aleabogados.com.mx\/#\/schema\/logo\/image\/"},"sameAs":["https:\/\/www.facebook.com\/Asesoria.Legal.Especializada","https:\/\/www.instagram.com\/ale.abogados\/"]}]}},"_links":{"self":[{"href":"https:\/\/aleabogados.com.mx\/en\/wp-json\/wp\/v2\/pages\/1780"}],"collection":[{"href":"https:\/\/aleabogados.com.mx\/en\/wp-json\/wp\/v2\/pages"}],"about":[{"href":"https:\/\/aleabogados.com.mx\/en\/wp-json\/wp\/v2\/types\/page"}],"author":[{"embeddable":true,"href":"https:\/\/aleabogados.com.mx\/en\/wp-json\/wp\/v2\/users\/1"}],"replies":[{"embeddable":true,"href":"https:\/\/aleabogados.com.mx\/en\/wp-json\/wp\/v2\/comments?post=1780"}],"version-history":[{"count":22,"href":"https:\/\/aleabogados.com.mx\/en\/wp-json\/wp\/v2\/pages\/1780\/revisions"}],"predecessor-version":[{"id":3075,"href":"https:\/\/aleabogados.com.mx\/en\/wp-json\/wp\/v2\/pages\/1780\/revisions\/3075"}],"wp:attachment":[{"href":"https:\/\/aleabogados.com.mx\/en\/wp-json\/wp\/v2\/media?parent=1780"}],"curies":[{"name":"wp","href":"https:\/\/api.w.org\/{rel}","templated":true}]}}